{"id":346,"date":"2026-02-05T14:18:08","date_gmt":"2026-02-05T13:18:08","guid":{"rendered":"https:\/\/www.manu-hair.ch\/wp\/?page_id=346"},"modified":"2026-02-05T14:28:11","modified_gmt":"2026-02-05T13:28:11","slug":"produkte-2","status":"publish","type":"page","link":"https:\/\/www.manu-hair.ch\/wp\/?page_id=346","title":{"rendered":"Produkte"},"content":{"rendered":"\n<div class=\"wp-block-group is-nowrap is-layout-flex wp-container-core-group-is-layout-ad2f72ca wp-block-group-is-layout-flex\">\n<p class=\"has-text-align-center\">Gutes Haar beginnt mit den richtigen Produkten. Deshalb arbeite ich in meinem Salon ausschliesslich mit <strong>Keune<\/strong> &#8211; einer professionellen Haarpflegemarke, die f\u00fcr Qualit\u00e4t, Innovation und Verantwortung steht.<\/p>\n<\/div>\n\n\n\n<p class=\"has-text-align-center\">Ob Pflege, Styling oder Farbe: Keune bietet durchdachte Produktlinien, die individuell auf die Bed\u00fcrfnisse Ihres Haares abgestimmt werden k\u00f6nnen. Hochwertige Inhaltsstoffe, moderne Technologien und sp\u00fcrbare Ergebnisse sorgen f\u00fcr gesundes, gl\u00e4nzendes Haar &#8211; Tag f\u00fcr Tag.<\/p>\n\n\n\n<p class=\"has-text-align-center\">Besonders wichtig ist mir dabei ein bewusster Umgang mit Mensch und Umwelt. Keune setzt auf nachhaltige Produktionsprozesse, tierversuchsfreie Formulierungen und &#8211; je nach Produktlinie &#8211; auch vegane Rezepturen. So vereinen sich professionelle Salonqualit\u00e4t und ein gutes Gef\u00fchl.<\/p>\n\n\n\n<p class=\"has-text-align-center\">Gerne berate ich Sie pers\u00f6nlich, welche Keune Produkte am besten zu Ihrem Haar und Ihrem Lifestyle passen &#8211; unkompliziert, ehrlich und individuell.<\/p>\n\n\n\n<p><\/p>\n","protected":false},"excerpt":{"rendered":"<p>Gutes Haar beginnt mit den richtigen Produkten. Deshalb arbeite ich in meinem Salon ausschliesslich mit Keune &#8211; einer professionellen Haarpflegemarke, die f\u00fcr Qualit\u00e4t, Innovation und Verantwortung steht. Ob Pflege, Styling oder Farbe: Keune bietet durchdachte Produktlinien, die individuell auf die Bed\u00fcrfnisse Ihres Haares abgestimmt werden k\u00f6nnen. Hochwertige Inhaltsstoffe, moderne Technologien und sp\u00fcrbare Ergebnisse sorgen f\u00fcr [&hellip;]<\/p>\n","protected":false},"author":1,"featured_media":0,"parent":0,"menu_order":0,"comment_status":"closed","ping_status":"closed","template":"","meta":{"om_disable_all_campaigns":false,"_monsterinsights_skip_tracking":false,"_monsterinsights_sitenote_active":false,"_monsterinsights_sitenote_note":"","_monsterinsights_sitenote_category":0,"footnotes":""},"class_list":["post-346","page","type-page","status-publish","hentry"],"aioseo_notices":[],"_links":{"self":[{"href":"https:\/\/www.manu-hair.ch\/wp\/index.php?rest_route=\/wp\/v2\/pages\/346","targetHints":{"allow":["GET"]}}],"collection":[{"href":"https:\/\/www.manu-hair.ch\/wp\/index.php?rest_route=\/wp\/v2\/pages"}],"about":[{"href":"https:\/\/www.manu-hair.ch\/wp\/index.php?rest_route=\/wp\/v2\/types\/page"}],"author":[{"embeddable":true,"href":"https:\/\/www.manu-hair.ch\/wp\/index.php?rest_route=\/wp\/v2\/users\/1"}],"replies":[{"embeddable":true,"href":"https:\/\/www.manu-hair.ch\/wp\/index.php?rest_route=%2Fwp%2Fv2%2Fcomments&post=346"}],"version-history":[{"count":4,"href":"https:\/\/www.manu-hair.ch\/wp\/index.php?rest_route=\/wp\/v2\/pages\/346\/revisions"}],"predecessor-version":[{"id":355,"href":"https:\/\/www.manu-hair.ch\/wp\/index.php?rest_route=\/wp\/v2\/pages\/346\/revisions\/355"}],"wp:attachment":[{"href":"https:\/\/www.manu-hair.ch\/wp\/index.php?rest_route=%2Fwp%2Fv2%2Fmedia&parent=346"}],"curies":[{"name":"wp","href":"https:\/\/api.w.org\/{rel}","templated":true}]}}