{"id":186,"date":"2023-02-13T16:04:08","date_gmt":"2023-02-13T15:04:08","guid":{"rendered":"https:\/\/www.manu-hair.ch\/wp\/?page_id=186"},"modified":"2023-03-06T16:19:23","modified_gmt":"2023-03-06T15:19:23","slug":"datenschutzerklaerung","status":"publish","type":"page","link":"https:\/\/www.manu-hair.ch\/wp\/?page_id=186","title":{"rendered":"Datenschutz"},"content":{"rendered":"\n<h2 class=\"has-primary-color has-text-color wp-block-heading\">Wer wir sind<\/h2>\n\n\n\n<p class=\"has-primary-color has-text-color\">Die Adresse unserer Website ist: https:\/\/www.manu-hair.ch<\/p>\n\n\n\n<h2 class=\"has-primary-color has-text-color wp-block-heading\">Eingebettete Inhalte von anderen Websites<\/h2>\n\n\n\n<p class=\"has-primary-color has-text-color\">Beitr\u00e4ge auf dieser Website k\u00f6nnen eingebettete Inhalte beinhalten (z.\u00a0B. Videos, Bilder, Beitr\u00e4ge, Karten etc.). Eingebettete Inhalte von anderen Websites verhalten sich exakt so, als ob der Besucher die andere Website besucht h\u00e4tte.<\/p>\n\n\n\n<p class=\"has-primary-color has-text-color\">Diese Websites k\u00f6nnen Daten \u00fcber dich sammeln, Cookies benutzen, zus\u00e4tzliche Tracking-Dienste von Dritten einbetten und deine Interaktion mit diesem eingebetteten Inhalt aufzeichnen, inklusive deiner Interaktion mit dem eingebetteten Inhalt, falls du ein Konto hast und auf dieser Website angemeldet bist.<\/p>\n\n\n\n<h2 class=\"has-primary-color has-text-color wp-block-heading\">Wohin deine Daten gesendet werden<\/h2>\n\n\n\n<p class=\"has-primary-color has-text-color\">Besucher-Kommentare und die Verwendung des Kontaktformulars k\u00f6nnten von einem automatisierten Dienst zur Spam-Erkennung untersucht werden.<\/p>\n\n\n\n<h2 class=\"has-primary-color has-text-color wp-block-heading\">Matomo Webanalyse<\/h2>\n\n\n\n<p class=\"has-primary-color has-text-color\"><p id=\"matomo_opted_out_intro\" style=\"display:none;\">Opt-out abgeschlossen; Ihre Besuche auf dieser Webseite werden nicht vom Webanalysetool erfasst. Bitte beachten Sie, dass auch der Matomo-Deaktivierungs-Cookie dieser Webseite gel\u00f6scht wird, wenn Sie die in Ihrem Browser abgelegten Cookies entfernen. Au\u00dferdem m\u00fcssen Sie, wenn Sie einen anderen Computer oder einen anderen Webbrowser verwenden, die Deaktivierungsprozedur nochmals absolvieren.<\/p><p id=\"matomo_opted_in_intro\" >Sie haben die M\u00f6glichkeit zu verhindern, dass von Ihnen hier get\u00e4tigte Aktionen analysiert und verkn\u00fcpft werden. Dies wird Ihre Privatsph\u00e4re sch\u00fctzen, aber wird auch den Besitzer daran hindern, aus Ihren Aktionen zu lernen und die Bedienbarkeit f\u00fcr Sie und andere Benutzer zu verbessern.<\/p><form>\n        <input type=\"checkbox\" id=\"matomo_optout_checkbox\" checked=\"checked\"\/>\n        <label for=\"matomo_optout_checkbox\"><strong>\n        <span id=\"matomo_opted_in_label\" >Ihr Besuch dieser Webseite wird aktuell von der Matomo Webanalyse erfasst. Diese Checkbox abw\u00e4hlen f\u00fcr Opt-Out.<\/span>\n\t\t<span id=\"matomo_opted_out_label\" style=\"display:none;\">Ihr Besuch dieser Webseite wird aktuell von der Matomo Webanalyse nicht erfasst. Diese Checkbox aktivieren f\u00fcr Opt-In.<\/span>\n        <\/strong><\/label><\/form><noscript><p><strong style=\"color: #ff0000;\">This opt out feature requires JavaScript.<\/strong><\/p><\/noscript><p id=\"matomo_outout_err_cookies\" style=\"display: none;\"><strong>Die Tracking opt-out Funktion ben\u00f6tigt aktivierte Cookies.<\/strong><\/p><\/p>\n","protected":false},"excerpt":{"rendered":"<p>Wer wir sind Die Adresse unserer Website ist: https:\/\/www.manu-hair.ch Eingebettete Inhalte von anderen Websites Beitr\u00e4ge auf dieser Website k\u00f6nnen eingebettete Inhalte beinhalten (z.\u00a0B. Videos, Bilder, Beitr\u00e4ge, Karten etc.). Eingebettete Inhalte von anderen Websites verhalten sich exakt so, als ob der Besucher die andere Website besucht h\u00e4tte. Diese Websites k\u00f6nnen Daten \u00fcber dich sammeln, Cookies benutzen, [&hellip;]<\/p>\n","protected":false},"author":1,"featured_media":0,"parent":0,"menu_order":0,"comment_status":"closed","ping_status":"closed","template":"","meta":{"om_disable_all_campaigns":false,"_monsterinsights_skip_tracking":false,"_monsterinsights_sitenote_active":false,"_monsterinsights_sitenote_note":"","_monsterinsights_sitenote_category":0,"footnotes":""},"class_list":["post-186","page","type-page","status-publish","hentry"],"aioseo_notices":[],"_links":{"self":[{"href":"https:\/\/www.manu-hair.ch\/wp\/index.php?rest_route=\/wp\/v2\/pages\/186","targetHints":{"allow":["GET"]}}],"collection":[{"href":"https:\/\/www.manu-hair.ch\/wp\/index.php?rest_route=\/wp\/v2\/pages"}],"about":[{"href":"https:\/\/www.manu-hair.ch\/wp\/index.php?rest_route=\/wp\/v2\/types\/page"}],"author":[{"embeddable":true,"href":"https:\/\/www.manu-hair.ch\/wp\/index.php?rest_route=\/wp\/v2\/users\/1"}],"replies":[{"embeddable":true,"href":"https:\/\/www.manu-hair.ch\/wp\/index.php?rest_route=%2Fwp%2Fv2%2Fcomments&post=186"}],"version-history":[{"count":9,"href":"https:\/\/www.manu-hair.ch\/wp\/index.php?rest_route=\/wp\/v2\/pages\/186\/revisions"}],"predecessor-version":[{"id":209,"href":"https:\/\/www.manu-hair.ch\/wp\/index.php?rest_route=\/wp\/v2\/pages\/186\/revisions\/209"}],"wp:attachment":[{"href":"https:\/\/www.manu-hair.ch\/wp\/index.php?rest_route=%2Fwp%2Fv2%2Fmedia&parent=186"}],"curies":[{"name":"wp","href":"https:\/\/api.w.org\/{rel}","templated":true}]}}