{"id":130,"date":"2023-01-29T15:38:41","date_gmt":"2023-01-29T14:38:41","guid":{"rendered":"https:\/\/www.manu-hair.ch\/wp\/?page_id=130"},"modified":"2023-10-03T21:49:10","modified_gmt":"2023-10-03T19:49:10","slug":"oeffnungszeiten","status":"publish","type":"page","link":"https:\/\/www.manu-hair.ch\/wp\/?page_id=130","title":{"rendered":"\u00d6ffnungszeiten"},"content":{"rendered":"\n<p><\/p>\n\n\n\n<table id=\"tablepress-3\" class=\"tablepress tablepress-id-3\">\n<tbody>\n<tr class=\"row-1\">\n\t<td class=\"column-1\">Dienstag<\/td><td class=\"column-2\">09:00 &#8211; 18:30<\/td>\n<\/tr>\n<tr class=\"row-2\">\n\t<td class=\"column-1\">Mittwoch<\/td><td class=\"column-2\">09:00 &#8211; 11:30<\/td>\n<\/tr>\n<tr class=\"row-3\">\n\t<td class=\"column-1\">Donnerstag<\/td><td class=\"column-2\">09:00 &#8211; 18:30<\/td>\n<\/tr>\n<\/tbody>\n<\/table>\n<!-- #tablepress-3 from cache -->\n\n\n<p class=\"has-text-align-center\">Besondere Anl\u00e4sse erfordern zus\u00e4tzliche Aufmerksamkeit, und deshalb biete ich auch individuelle \u00d6ffnungszeiten f\u00fcr Hochzeitsfrisuren und andere spezielle Events an. Wenn Sie eine besondere Frisur f\u00fcr Ihren grossen Tag w\u00fcnschen oder eine exklusive Behandlung f\u00fcr eine besondere Veranstaltung ben\u00f6tigen, stehen ich Ihnen gerne zur Verf\u00fcgung. Bitte kontaktieren Sie mich im Voraus, um einen individuellen Termin zu vereinbaren.<\/p>\n","protected":false},"excerpt":{"rendered":"<p>Besondere Anl\u00e4sse erfordern zus\u00e4tzliche Aufmerksamkeit, und deshalb biete ich auch individuelle \u00d6ffnungszeiten f\u00fcr Hochzeitsfrisuren und andere spezielle Events an. Wenn Sie eine besondere Frisur f\u00fcr Ihren grossen Tag w\u00fcnschen oder eine exklusive Behandlung f\u00fcr eine besondere Veranstaltung ben\u00f6tigen, stehen ich Ihnen gerne zur Verf\u00fcgung. Bitte kontaktieren Sie mich im Voraus, um einen individuellen Termin zu [&hellip;]<\/p>\n","protected":false},"author":1,"featured_media":0,"parent":0,"menu_order":0,"comment_status":"closed","ping_status":"closed","template":"","meta":{"om_disable_all_campaigns":false,"_monsterinsights_skip_tracking":false,"_monsterinsights_sitenote_active":false,"_monsterinsights_sitenote_note":"","_monsterinsights_sitenote_category":0,"footnotes":""},"class_list":["post-130","page","type-page","status-publish","hentry"],"aioseo_notices":[],"_links":{"self":[{"href":"https:\/\/www.manu-hair.ch\/wp\/index.php?rest_route=\/wp\/v2\/pages\/130","targetHints":{"allow":["GET"]}}],"collection":[{"href":"https:\/\/www.manu-hair.ch\/wp\/index.php?rest_route=\/wp\/v2\/pages"}],"about":[{"href":"https:\/\/www.manu-hair.ch\/wp\/index.php?rest_route=\/wp\/v2\/types\/page"}],"author":[{"embeddable":true,"href":"https:\/\/www.manu-hair.ch\/wp\/index.php?rest_route=\/wp\/v2\/users\/1"}],"replies":[{"embeddable":true,"href":"https:\/\/www.manu-hair.ch\/wp\/index.php?rest_route=%2Fwp%2Fv2%2Fcomments&post=130"}],"version-history":[{"count":7,"href":"https:\/\/www.manu-hair.ch\/wp\/index.php?rest_route=\/wp\/v2\/pages\/130\/revisions"}],"predecessor-version":[{"id":293,"href":"https:\/\/www.manu-hair.ch\/wp\/index.php?rest_route=\/wp\/v2\/pages\/130\/revisions\/293"}],"wp:attachment":[{"href":"https:\/\/www.manu-hair.ch\/wp\/index.php?rest_route=%2Fwp%2Fv2%2Fmedia&parent=130"}],"curies":[{"name":"wp","href":"https:\/\/api.w.org\/{rel}","templated":true}]}}