{"id":11,"date":"2022-12-27T14:43:11","date_gmt":"2022-12-27T13:43:11","guid":{"rendered":"https:\/\/www.manu-hn.ch\/wp\/?page_id=11"},"modified":"2025-01-07T19:59:39","modified_gmt":"2025-01-07T18:59:39","slug":"angebot","status":"publish","type":"page","link":"https:\/\/www.manu-hair.ch\/wp\/?page_id=11","title":{"rendered":"Angebot und Preise"},"content":{"rendered":"\n<p class=\"has-text-align-center\"><strong>Haarschnitt f\u00fcr Damen, Herren und Kinder:<\/strong> Ob Sie nach einem trendigen Haarschnitt f\u00fcr die Kleinen, einem modernen Look f\u00fcr die Herren oder einer stilvollen Frisur f\u00fcr die Damen suchen \u2013 ich stehe Ihnen mit meiner Expertise zur Verf\u00fcgung.<\/p>\n\n\n\n<p class=\"has-text-align-center\"><strong>Farbver\u00e4nderungen und Highlights:<\/strong> Entdecken Sie eine Welt voller Farben mit meiner professionellen Farbberatung. Egal, ob Sie nach einer auff\u00e4lligen Ver\u00e4nderung oder subtilen Nuancen suchen, ich gestalte die perfekte Farbe f\u00fcr Ihr Haar.<\/p>\n\n\n\n<p class=\"has-text-align-center\"><strong>Styling f\u00fcr besondere Anl\u00e4sse: <\/strong>G\u00f6nnen Sie sich das Extra an Glamour f\u00fcr spezielle Momente. Ich biete individuelle Hochsteckfrisuren und festliche Stylings f\u00fcr jeden Anlass.<\/p>\n\n\n\n<h2 class=\"wp-block-heading has-text-align-center\">Damen<\/h2>\n\n\n\n<div class=\"wp-block-columns alignwide is-layout-flex wp-container-core-columns-is-layout-9d6595d7 wp-block-columns-is-layout-flex\">\n<div class=\"wp-block-column is-layout-flow wp-block-column-is-layout-flow\" style=\"flex-basis:33.33%\">\n<h4 class=\"wp-block-heading has-text-align-left\">Haarschnitt<\/h4>\n<\/div>\n\n\n\n<div class=\"wp-block-column is-layout-flow wp-block-column-is-layout-flow\" style=\"flex-basis:66.66%\">\n<table id=\"tablepress-1\" class=\"tablepress tablepress-id-1\">\n<tbody>\n<tr class=\"row-1\">\n\t<td class=\"column-1\">Kurzhaar<\/td><td class=\"column-2\">46<\/td>\n<\/tr>\n<tr class=\"row-2\">\n\t<td class=\"column-1\">Neuer Haarschnitt<\/td><td class=\"column-2\">54<\/td>\n<\/tr>\n<tr class=\"row-3\">\n\t<td class=\"column-1\">Wash, Cut &amp; Go<\/td><td class=\"column-2\">70<\/td>\n<\/tr>\n<tr class=\"row-4\">\n\t<td class=\"column-1\">Cut &amp; Go<\/td><td class=\"column-2\">60<\/td>\n<\/tr>\n<\/tbody>\n<\/table>\n<!-- #tablepress-1 from cache --><\/div>\n<\/div>\n\n\n\n<div class=\"wp-block-columns alignwide is-layout-flex wp-container-core-columns-is-layout-9d6595d7 wp-block-columns-is-layout-flex\">\n<div class=\"wp-block-column is-layout-flow wp-block-column-is-layout-flow\" style=\"flex-basis:33.33%\">\n<h4 class=\"wp-block-heading has-text-align-left\">Brushing<\/h4>\n\n\n\n<p><\/p>\n<\/div>\n\n\n\n<div class=\"wp-block-column is-layout-flow wp-block-column-is-layout-flow\" style=\"flex-basis:66.66%\">\n<table id=\"tablepress-2\" class=\"tablepress tablepress-id-2\">\n<tbody>\n<tr class=\"row-1\">\n\t<td class=\"column-1\">Kurzhaar<\/td><td class=\"column-2\">44<\/td>\n<\/tr>\n<tr class=\"row-2\">\n\t<td class=\"column-1\">Mitellanghaar<\/td><td class=\"column-2\">46<\/td>\n<\/tr>\n<tr class=\"row-3\">\n\t<td class=\"column-1\">Langhaar<\/td><td class=\"column-2\">50<\/td>\n<\/tr>\n<\/tbody>\n<\/table>\n<!-- #tablepress-2 from cache --><\/div>\n<\/div>\n\n\n\n<div class=\"wp-block-columns alignwide is-layout-flex wp-container-core-columns-is-layout-9d6595d7 wp-block-columns-is-layout-flex\">\n<div class=\"wp-block-column is-layout-flow wp-block-column-is-layout-flow\" style=\"flex-basis:33.33%\">\n<h4 class=\"wp-block-heading has-text-align-left\">Styling &amp; Pflege<\/h4>\n\n\n\n<p><\/p>\n<\/div>\n\n\n\n<div class=\"wp-block-column is-layout-flow wp-block-column-is-layout-flow\" style=\"flex-basis:66.66%\">\n<table id=\"tablepress-4\" class=\"tablepress tablepress-id-4\">\n<tbody>\n<tr class=\"row-1\">\n\t<td class=\"column-1\">Festiger<\/td><td class=\"column-2\">5<\/td>\n<\/tr>\n<tr class=\"row-2\">\n\t<td class=\"column-1\">Pflege<\/td><td class=\"column-2\">6<\/td>\n<\/tr>\n<tr class=\"row-3\">\n\t<td class=\"column-1\">Intensivpflege<\/td><td class=\"column-2\">9<\/td>\n<\/tr>\n<\/tbody>\n<\/table>\n<!-- #tablepress-4 from cache --><\/div>\n<\/div>\n\n\n\n<div class=\"wp-block-columns alignwide is-layout-flex wp-container-core-columns-is-layout-9d6595d7 wp-block-columns-is-layout-flex\">\n<div class=\"wp-block-column is-layout-flow wp-block-column-is-layout-flow\" style=\"flex-basis:33.33%\">\n<h4 class=\"wp-block-heading has-text-align-left\">Coloration<\/h4>\n<\/div>\n\n\n\n<div class=\"wp-block-column is-layout-flow wp-block-column-is-layout-flow\" style=\"flex-basis:66.66%\">\n<table id=\"tablepress-5\" class=\"tablepress tablepress-id-5\">\n<tbody>\n<tr class=\"row-1\">\n\t<td class=\"column-1\">F\u00e4rbung<\/td><td class=\"column-2\">61<\/td>\n<\/tr>\n<tr class=\"row-2\">\n\t<td class=\"column-1\">T\u00f6nung<\/td><td class=\"column-2\">51<\/td>\n<\/tr>\n<tr class=\"row-3\">\n\t<td class=\"column-1\">EQ Veredelung<\/td><td class=\"column-2\">20<\/td>\n<\/tr>\n<tr class=\"row-4\">\n\t<td class=\"column-1\">EQ als T\u00f6nung<\/td><td class=\"column-2\">40<\/td>\n<\/tr>\n<tr class=\"row-5\">\n\t<td class=\"column-1\">M\u00e8ches ganzer Kopf<\/td><td class=\"column-2\">100<\/td>\n<\/tr>\n<tr class=\"row-6\">\n\t<td class=\"column-1\">M\u00e8ches halber Kopf<\/td><td class=\"column-2\">65<\/td>\n<\/tr>\n<tr class=\"row-7\">\n\t<td class=\"column-1\">Balayage<\/td><td class=\"column-2\">120<\/td>\n<\/tr>\n<tr class=\"row-8\">\n\t<td class=\"column-1\">Einzelne Folie<\/td><td class=\"column-2\">5<\/td>\n<\/tr>\n<tr class=\"row-9\">\n\t<td class=\"column-1\">Dauerwelle<\/td><td class=\"column-2\">70<\/td>\n<\/tr>\n<tr class=\"row-10\">\n\t<td class=\"column-1\">Farbentzug<\/td><td class=\"column-2\">30<\/td>\n<\/tr>\n<\/tbody>\n<\/table>\n<!-- #tablepress-5 from cache --><\/div>\n<\/div>\n\n\n\n<div class=\"wp-block-columns alignwide is-layout-flex wp-container-core-columns-is-layout-9d6595d7 wp-block-columns-is-layout-flex\">\n<div class=\"wp-block-column is-layout-flow wp-block-column-is-layout-flow\" style=\"flex-basis:33.33%\">\n<h4 class=\"wp-block-heading has-text-align-left\">Kosmetik &amp; Nails<\/h4>\n<\/div>\n\n\n\n<div class=\"wp-block-column is-layout-flow wp-block-column-is-layout-flow\" style=\"flex-basis:66.66%\">\n<table id=\"tablepress-8\" class=\"tablepress tablepress-id-8\">\n<tbody>\n<tr class=\"row-1\">\n\t<td class=\"column-1\">Brauen zupfen<\/td><td class=\"column-2\">15<\/td>\n<\/tr>\n<tr class=\"row-2\">\n\t<td class=\"column-1\">Brauen f\u00e4rben<\/td><td class=\"column-2\">15<\/td>\n<\/tr>\n<tr class=\"row-3\">\n\t<td class=\"column-1\">Manik\u00fcre mit Nagellack<\/td><td class=\"column-2\">40<\/td>\n<\/tr>\n<tr class=\"row-4\">\n\t<td class=\"column-1\">Manik\u00fcre ohne Nagellack<\/td><td class=\"column-2\">35<\/td>\n<\/tr>\n<tr class=\"row-5\">\n\t<td class=\"column-1\">Gel Nails Neumodellage<\/td><td class=\"column-2\">120<\/td>\n<\/tr>\n<tr class=\"row-6\">\n\t<td class=\"column-1\">Gel Nails Auff\u00fcllen mit French oder Vollackierung<\/td><td class=\"column-2\">78<\/td>\n<\/tr>\n<tr class=\"row-7\">\n\t<td class=\"column-1\">Gel Nails Auff\u00fcllen Nature<\/td><td class=\"column-2\">73<\/td>\n<\/tr>\n<tr class=\"row-8\">\n\t<td class=\"column-1\">Gel Nails Design nach Aufwand<\/td><td class=\"column-2\">5<\/td>\n<\/tr>\n<\/tbody>\n<\/table>\n<!-- #tablepress-8 from cache --><\/div>\n<\/div>\n\n\n\n<div class=\"wp-block-columns alignwide is-layout-flex wp-container-core-columns-is-layout-9d6595d7 wp-block-columns-is-layout-flex\">\n<div class=\"wp-block-column is-layout-flow wp-block-column-is-layout-flow\" style=\"flex-basis:33.33%\">\n<h4 class=\"wp-block-heading has-text-align-left\">Hochzeit<\/h4>\n<\/div>\n\n\n\n<div class=\"wp-block-column is-layout-flow wp-block-column-is-layout-flow\" style=\"flex-basis:66.66%\">\n<table id=\"tablepress-9\" class=\"tablepress tablepress-id-9\">\n<tbody>\n<tr class=\"row-1\">\n\t<td class=\"column-1\">Hochzeitsfrisur inkl. Probe<\/td><td class=\"column-2\">220<\/td>\n<\/tr>\n<tr class=\"row-2\">\n\t<td class=\"column-1\">Hochzeitsfrisur ohne Probe<\/td><td class=\"column-2\">120<\/td>\n<\/tr>\n<\/tbody>\n<\/table>\n<!-- #tablepress-9 from cache --><\/div>\n<\/div>\n\n\n\n<div class=\"wp-block-columns alignwide is-layout-flex wp-container-core-columns-is-layout-9d6595d7 wp-block-columns-is-layout-flex\">\n<div class=\"wp-block-column is-layout-flow wp-block-column-is-layout-flow\" style=\"flex-basis:66.66%\"><\/div>\n<\/div>\n\n\n\n<h2 class=\"wp-block-heading has-text-align-center\">Herren<\/h2>\n\n\n\n<div class=\"wp-block-columns alignwide is-layout-flex wp-container-core-columns-is-layout-9d6595d7 wp-block-columns-is-layout-flex\">\n<div class=\"wp-block-column is-layout-flow wp-block-column-is-layout-flow\" style=\"flex-basis:33.33%\">\n<h4 class=\"wp-block-heading has-text-align-left\">Haarschnitt<\/h4>\n<\/div>\n\n\n\n<div class=\"wp-block-column is-layout-flow wp-block-column-is-layout-flow\" style=\"flex-basis:66.66%\">\n<table id=\"tablepress-6\" class=\"tablepress tablepress-id-6\">\n<tbody>\n<tr class=\"row-1\">\n\t<td class=\"column-1\">Waschen\/Schneiden<\/td><td class=\"column-2\">57<\/td>\n<\/tr>\n<tr class=\"row-2\">\n\t<td class=\"column-1\">Trockenschnitt<\/td><td class=\"column-2\">48<\/td>\n<\/tr>\n<tr class=\"row-3\">\n\t<td class=\"column-1\">Maschinenschnitt<\/td><td class=\"column-2\">38<\/td>\n<\/tr>\n<tr class=\"row-4\">\n\t<td class=\"column-1\">Haarkranz<\/td><td class=\"column-2\">35<\/td>\n<\/tr>\n<tr class=\"row-5\">\n\t<td class=\"column-1\">Nacken ausputzen<\/td><td class=\"column-2\">30<\/td>\n<\/tr>\n<\/tbody>\n<\/table>\n<!-- #tablepress-6 from cache --><\/div>\n<\/div>\n\n\n\n<div class=\"wp-block-columns alignwide is-layout-flex wp-container-core-columns-is-layout-9d6595d7 wp-block-columns-is-layout-flex\">\n<div class=\"wp-block-column is-layout-flow wp-block-column-is-layout-flow\" style=\"flex-basis:50%\"><\/div>\n\n\n\n<div class=\"wp-block-column is-layout-flow wp-block-column-is-layout-flow\" style=\"flex-basis:66.66%\">\n<p><\/p>\n<\/div>\n<\/div>\n\n\n\n<h2 class=\"wp-block-heading has-text-align-center\">Kinder<\/h2>\n\n\n\n<div class=\"wp-block-columns alignwide is-layout-flex wp-container-core-columns-is-layout-9d6595d7 wp-block-columns-is-layout-flex\">\n<div class=\"wp-block-column is-layout-flow wp-block-column-is-layout-flow\" style=\"flex-basis:33.33%\">\n<h4 class=\"wp-block-heading has-text-align-left\">Haarschnitt<\/h4>\n<\/div>\n\n\n\n<div class=\"wp-block-column is-layout-flow wp-block-column-is-layout-flow\" style=\"flex-basis:66.66%\">\n<table id=\"tablepress-7\" class=\"tablepress tablepress-id-7\">\n<tbody>\n<tr class=\"row-1\">\n\t<td class=\"column-1\">bis 4 Jahre<\/td><td class=\"column-2\">25<\/td>\n<\/tr>\n<tr class=\"row-2\">\n\t<td class=\"column-1\">5 bis 8 Jahre<\/td><td class=\"column-2\">37<\/td>\n<\/tr>\n<tr class=\"row-3\">\n\t<td class=\"column-1\">9 bis 14 Jahre<\/td><td class=\"column-2\">44<\/td>\n<\/tr>\n<tr class=\"row-4\">\n\t<td class=\"column-1\">Sch\u00fcler und Studenten<\/td><td class=\"column-2\">10% auf alle Dienstleistungen<\/td>\n<\/tr>\n<\/tbody>\n<\/table>\n<!-- #tablepress-7 from cache --><\/div>\n<\/div>\n\n\n\n<p><\/p>\n","protected":false},"excerpt":{"rendered":"<p>Haarschnitt f\u00fcr Damen, Herren und Kinder: Ob Sie nach einem trendigen Haarschnitt f\u00fcr die Kleinen, einem modernen Look f\u00fcr die Herren oder einer stilvollen Frisur f\u00fcr die Damen suchen \u2013 ich stehe Ihnen mit meiner Expertise zur Verf\u00fcgung. Farbver\u00e4nderungen und Highlights: Entdecken Sie eine Welt voller Farben mit meiner professionellen Farbberatung. Egal, ob Sie nach [&hellip;]<\/p>\n","protected":false},"author":1,"featured_media":0,"parent":0,"menu_order":0,"comment_status":"closed","ping_status":"closed","template":"","meta":{"om_disable_all_campaigns":false,"_monsterinsights_skip_tracking":false,"_monsterinsights_sitenote_active":false,"_monsterinsights_sitenote_note":"","_monsterinsights_sitenote_category":0,"footnotes":""},"class_list":["post-11","page","type-page","status-publish","hentry"],"aioseo_notices":[],"_links":{"self":[{"href":"https:\/\/www.manu-hair.ch\/wp\/index.php?rest_route=\/wp\/v2\/pages\/11","targetHints":{"allow":["GET"]}}],"collection":[{"href":"https:\/\/www.manu-hair.ch\/wp\/index.php?rest_route=\/wp\/v2\/pages"}],"about":[{"href":"https:\/\/www.manu-hair.ch\/wp\/index.php?rest_route=\/wp\/v2\/types\/page"}],"author":[{"embeddable":true,"href":"https:\/\/www.manu-hair.ch\/wp\/index.php?rest_route=\/wp\/v2\/users\/1"}],"replies":[{"embeddable":true,"href":"https:\/\/www.manu-hair.ch\/wp\/index.php?rest_route=%2Fwp%2Fv2%2Fcomments&post=11"}],"version-history":[{"count":20,"href":"https:\/\/www.manu-hair.ch\/wp\/index.php?rest_route=\/wp\/v2\/pages\/11\/revisions"}],"predecessor-version":[{"id":328,"href":"https:\/\/www.manu-hair.ch\/wp\/index.php?rest_route=\/wp\/v2\/pages\/11\/revisions\/328"}],"wp:attachment":[{"href":"https:\/\/www.manu-hair.ch\/wp\/index.php?rest_route=%2Fwp%2Fv2%2Fmedia&parent=11"}],"curies":[{"name":"wp","href":"https:\/\/api.w.org\/{rel}","templated":true}]}}